{"id":540,"date":"2018-11-27T09:16:54","date_gmt":"2018-11-27T09:16:54","guid":{"rendered":"https:\/\/birstonolaivai.lt\/index.php\/home\/"},"modified":"2025-07-02T09:07:23","modified_gmt":"2025-07-02T08:07:23","slug":"home","status":"publish","type":"page","link":"https:\/\/birstonolaivai.lt\/","title":{"rendered":"Home"},"content":{"rendered":"\t\t<div data-elementor-type=\"wp-page\" data-elementor-id=\"540\" class=\"elementor elementor-540\">\n\t\t\t\t<div class=\"elementor-element elementor-element-2cb5f4f e-flex e-con-boxed e-con e-parent\" data-id=\"2cb5f4f\" data-element_type=\"container\" data-settings=\"{&quot;background_background&quot;:&quot;classic&quot;}\">\n\t\t\t\t\t<div class=\"e-con-inner\">\n\t\t<div class=\"elementor-element elementor-element-fe6a729 e-con-full e-flex e-con e-child\" data-id=\"fe6a729\" data-element_type=\"container\">\n\t\t\t\t<div class=\"elementor-element elementor-element-c7345d2 elementor-widget__width-inherit elementor-widget elementor-widget-heading\" data-id=\"c7345d2\" data-element_type=\"widget\" data-widget_type=\"heading.default\">\n\t\t\t\t<div class=\"elementor-widget-container\">\n\t\t\t<style>\/*! elementor - v3.22.0 - 17-06-2024 *\/\n.elementor-heading-title{padding:0;margin:0;line-height:1}.elementor-widget-heading .elementor-heading-title[class*=elementor-size-]>a{color:inherit;font-size:inherit;line-height:inherit}.elementor-widget-heading .elementor-heading-title.elementor-size-small{font-size:15px}.elementor-widget-heading .elementor-heading-title.elementor-size-medium{font-size:19px}.elementor-widget-heading .elementor-heading-title.elementor-size-large{font-size:29px}.elementor-widget-heading .elementor-heading-title.elementor-size-xl{font-size:39px}.elementor-widget-heading .elementor-heading-title.elementor-size-xxl{font-size:59px}<\/style><h2 class=\"elementor-heading-title elementor-size-default\">Laiv\u0173 nuoma<br>\nPas Raudonbarzd\u012f<\/h2>\t\t<\/div>\n\t\t\t\t<\/div>\n\t\t\t\t<div class=\"elementor-element elementor-element-8966e55 elementor-widget-divider--view-line elementor-widget elementor-widget-divider\" data-id=\"8966e55\" data-element_type=\"widget\" data-widget_type=\"divider.default\">\n\t\t\t\t<div class=\"elementor-widget-container\">\n\t\t\t<style>\/*! elementor - v3.22.0 - 17-06-2024 *\/\n.elementor-widget-divider{--divider-border-style:none;--divider-border-width:1px;--divider-color:#0c0d0e;--divider-icon-size:20px;--divider-element-spacing:10px;--divider-pattern-height:24px;--divider-pattern-size:20px;--divider-pattern-url:none;--divider-pattern-repeat:repeat-x}.elementor-widget-divider .elementor-divider{display:flex}.elementor-widget-divider .elementor-divider__text{font-size:15px;line-height:1;max-width:95%}.elementor-widget-divider .elementor-divider__element{margin:0 var(--divider-element-spacing);flex-shrink:0}.elementor-widget-divider .elementor-icon{font-size:var(--divider-icon-size)}.elementor-widget-divider .elementor-divider-separator{display:flex;margin:0;direction:ltr}.elementor-widget-divider--view-line_icon .elementor-divider-separator,.elementor-widget-divider--view-line_text .elementor-divider-separator{align-items:center}.elementor-widget-divider--view-line_icon .elementor-divider-separator:after,.elementor-widget-divider--view-line_icon .elementor-divider-separator:before,.elementor-widget-divider--view-line_text .elementor-divider-separator:after,.elementor-widget-divider--view-line_text .elementor-divider-separator:before{display:block;content:\"\";border-block-end:0;flex-grow:1;border-block-start:var(--divider-border-width) var(--divider-border-style) var(--divider-color)}.elementor-widget-divider--element-align-left .elementor-divider .elementor-divider-separator>.elementor-divider__svg:first-of-type{flex-grow:0;flex-shrink:100}.elementor-widget-divider--element-align-left .elementor-divider-separator:before{content:none}.elementor-widget-divider--element-align-left .elementor-divider__element{margin-left:0}.elementor-widget-divider--element-align-right .elementor-divider .elementor-divider-separator>.elementor-divider__svg:last-of-type{flex-grow:0;flex-shrink:100}.elementor-widget-divider--element-align-right .elementor-divider-separator:after{content:none}.elementor-widget-divider--element-align-right .elementor-divider__element{margin-right:0}.elementor-widget-divider--element-align-start .elementor-divider .elementor-divider-separator>.elementor-divider__svg:first-of-type{flex-grow:0;flex-shrink:100}.elementor-widget-divider--element-align-start .elementor-divider-separator:before{content:none}.elementor-widget-divider--element-align-start .elementor-divider__element{margin-inline-start:0}.elementor-widget-divider--element-align-end .elementor-divider .elementor-divider-separator>.elementor-divider__svg:last-of-type{flex-grow:0;flex-shrink:100}.elementor-widget-divider--element-align-end .elementor-divider-separator:after{content:none}.elementor-widget-divider--element-align-end .elementor-divider__element{margin-inline-end:0}.elementor-widget-divider:not(.elementor-widget-divider--view-line_text):not(.elementor-widget-divider--view-line_icon) .elementor-divider-separator{border-block-start:var(--divider-border-width) var(--divider-border-style) var(--divider-color)}.elementor-widget-divider--separator-type-pattern{--divider-border-style:none}.elementor-widget-divider--separator-type-pattern.elementor-widget-divider--view-line .elementor-divider-separator,.elementor-widget-divider--separator-type-pattern:not(.elementor-widget-divider--view-line) .elementor-divider-separator:after,.elementor-widget-divider--separator-type-pattern:not(.elementor-widget-divider--view-line) .elementor-divider-separator:before,.elementor-widget-divider--separator-type-pattern:not([class*=elementor-widget-divider--view]) .elementor-divider-separator{width:100%;min-height:var(--divider-pattern-height);-webkit-mask-size:var(--divider-pattern-size) 100%;mask-size:var(--divider-pattern-size) 100%;-webkit-mask-repeat:var(--divider-pattern-repeat);mask-repeat:var(--divider-pattern-repeat);background-color:var(--divider-color);-webkit-mask-image:var(--divider-pattern-url);mask-image:var(--divider-pattern-url)}.elementor-widget-divider--no-spacing{--divider-pattern-size:auto}.elementor-widget-divider--bg-round{--divider-pattern-repeat:round}.rtl .elementor-widget-divider .elementor-divider__text{direction:rtl}.e-con-inner>.elementor-widget-divider,.e-con>.elementor-widget-divider{width:var(--container-widget-width,100%);--flex-grow:var(--container-widget-flex-grow)}<\/style>\t\t<div class=\"elementor-divider\">\n\t\t\t<span class=\"elementor-divider-separator\">\n\t\t\t\t\t\t<\/span>\n\t\t<\/div>\n\t\t\t\t<\/div>\n\t\t\t\t<\/div>\n\t\t\t\t<div class=\"elementor-element elementor-element-f5137a0 elementor-widget-divider--view-line elementor-widget elementor-widget-divider\" data-id=\"f5137a0\" data-element_type=\"widget\" data-widget_type=\"divider.default\">\n\t\t\t\t<div class=\"elementor-widget-container\">\n\t\t\t\t\t<div class=\"elementor-divider\">\n\t\t\t<span class=\"elementor-divider-separator\">\n\t\t\t\t\t\t<\/span>\n\t\t<\/div>\n\t\t\t\t<\/div>\n\t\t\t\t<\/div>\n\t\t\t\t<div class=\"elementor-element elementor-element-7aba934 elementor-widget-divider--view-line elementor-widget elementor-widget-divider\" data-id=\"7aba934\" data-element_type=\"widget\" data-widget_type=\"divider.default\">\n\t\t\t\t<div class=\"elementor-widget-container\">\n\t\t\t\t\t<div class=\"elementor-divider\">\n\t\t\t<span class=\"elementor-divider-separator\">\n\t\t\t\t\t\t<\/span>\n\t\t<\/div>\n\t\t\t\t<\/div>\n\t\t\t\t<\/div>\n\t\t\t\t<div class=\"elementor-element elementor-element-7ba1da6 elementor-align-center elementor-widget elementor-widget-button\" data-id=\"7ba1da6\" data-element_type=\"widget\" data-widget_type=\"button.default\">\n\t\t\t\t<div class=\"elementor-widget-container\">\n\t\t\t\t\t<div class=\"elementor-button-wrapper\">\n\t\t\t<a class=\"elementor-button elementor-button-link elementor-size-sm\" href=\"\/index.php\/contact\/\">\n\t\t\t\t\t\t<span class=\"elementor-button-content-wrapper\">\n\t\t\t\t\t\t\t\t\t<span class=\"elementor-button-text\">Registracija<\/span>\n\t\t\t\t\t<\/span>\n\t\t\t\t\t<\/a>\n\t\t<\/div>\n\t\t\t\t<\/div>\n\t\t\t\t<\/div>\n\t\t\t\t<\/div>\n\t\t\t\t\t<\/div>\n\t\t\t\t<\/div>\n\t\t<div class=\"elementor-element elementor-element-556ef17 e-flex e-con-boxed e-con e-parent\" data-id=\"556ef17\" data-element_type=\"container\">\n\t\t\t\t\t<div class=\"e-con-inner\">\n\t\t<div class=\"elementor-element elementor-element-40552d9 e-con-full e-flex e-con e-child\" data-id=\"40552d9\" data-element_type=\"container\">\n\t\t\t\t<div class=\"elementor-element elementor-element-2fa8427 elementor-widget elementor-widget-heading\" data-id=\"2fa8427\" data-element_type=\"widget\" data-widget_type=\"heading.default\">\n\t\t\t\t<div class=\"elementor-widget-container\">\n\t\t\t<h2 class=\"elementor-heading-title elementor-size-default\">M\u016bs\u0173 laivai<\/h2>\t\t<\/div>\n\t\t\t\t<\/div>\n\t\t\t\t<div class=\"elementor-element elementor-element-e9a8110 elementor-widget-divider--view-line elementor-widget elementor-widget-divider\" data-id=\"e9a8110\" data-element_type=\"widget\" data-widget_type=\"divider.default\">\n\t\t\t\t<div class=\"elementor-widget-container\">\n\t\t\t\t\t<div class=\"elementor-divider\">\n\t\t\t<span class=\"elementor-divider-separator\">\n\t\t\t\t\t\t<\/span>\n\t\t<\/div>\n\t\t\t\t<\/div>\n\t\t\t\t<\/div>\n\t\t<div class=\"elementor-element elementor-element-0e50bf9 e-con-full e-flex e-con e-child\" data-id=\"0e50bf9\" data-element_type=\"container\">\n\t\t<div class=\"elementor-element elementor-element-b2acd4a e-con-full e-flex e-con e-child\" data-id=\"b2acd4a\" data-element_type=\"container\">\n\t\t\t\t<div class=\"elementor-element elementor-element-8e96966 elementor-widget-mobile__width-inherit elementor-widget elementor-widget-heading\" data-id=\"8e96966\" data-element_type=\"widget\" data-widget_type=\"heading.default\">\n\t\t\t\t<div class=\"elementor-widget-container\">\n\t\t\t<h3 class=\"elementor-heading-title elementor-size-default\">Laivas \"Bar\u017ea\"<\/h3>\t\t<\/div>\n\t\t\t\t<\/div>\n\t\t\t\t<div class=\"elementor-element elementor-element-bee337b elementor-widget elementor-widget-text-editor\" data-id=\"bee337b\" data-element_type=\"widget\" data-widget_type=\"text-editor.default\">\n\t\t\t\t<div class=\"elementor-widget-container\">\n\t\t\t<style>\/*! elementor - v3.22.0 - 17-06-2024 *\/\n.elementor-widget-text-editor.elementor-drop-cap-view-stacked .elementor-drop-cap{background-color:#69727d;color:#fff}.elementor-widget-text-editor.elementor-drop-cap-view-framed .elementor-drop-cap{color:#69727d;border:3px solid;background-color:transparent}.elementor-widget-text-editor:not(.elementor-drop-cap-view-default) .elementor-drop-cap{margin-top:8px}.elementor-widget-text-editor:not(.elementor-drop-cap-view-default) .elementor-drop-cap-letter{width:1em;height:1em}.elementor-widget-text-editor .elementor-drop-cap{float:left;text-align:center;line-height:1;font-size:50px}.elementor-widget-text-editor .elementor-drop-cap-letter{display:inline-block}<\/style>\t\t\t\t<p data-start=\"410\" data-end=\"455\">\ud83e\ude91 <strong data-start=\"413\" data-end=\"429\">Erdvus denis<\/strong> \u2013 talpina iki 30 \u017emoni\u0173<br \/>\ud83c\udf24 <strong data-start=\"461\" data-end=\"482\">Stogas nuo saul\u0117s<\/strong> \u2013 jauku bet kokiu oru<br \/>\ud83e\udea2 <strong data-start=\"512\" data-end=\"534\">Pakabinami kr\u0117slai<\/strong> \u2013 vaizdas \u012f Nemun\u0105<br \/>\ud83d\udd25 <strong data-start=\"561\" data-end=\"571\">Grilis<\/strong> \u2013 gaminkit\u0117s maist\u0105 patys<br \/>\ud83e\uddca <strong data-start=\"605\" data-end=\"619\">\u0160aldytuvas<\/strong> \u2013 kad g\u0117rimai b\u016bt\u0173 \u0161alti<br \/>\ud83c\udfb5 <strong data-start=\"652\" data-end=\"673\">Muzika ir \u0161viesos<\/strong> \u2013 vakar\u0117lio atmosfera<br \/>\ud83d\udca8 <strong data-start=\"703\" data-end=\"718\">D\u016bm\u0173 ma\u0161ina<\/strong> \u2013 efektui ir nuotaikai<br \/>\ud83c\udfa3 <strong data-start=\"749\" data-end=\"767\">\u017dvejybin\u0117 zona<\/strong> \u2013 ramybei ar me\u0161keriojimui<br \/>\ud83d\udebb <strong data-start=\"802\" data-end=\"814\">Tualetas<\/strong> \u2013 patogumui viso plaukimo metu<br \/>\ud83c\udf89 <strong data-start=\"853\" data-end=\"877\">Tinka visoms progoms<\/strong> \u2013 nuo romanti\u0161k\u0173 vakar\u0173 iki vakar\u0117li\u0173<\/p>\t\t\t\t\t\t<\/div>\n\t\t\t\t<\/div>\n\t\t\t\t<div class=\"elementor-element elementor-element-ad6bc39 elementor-widget elementor-widget-image\" data-id=\"ad6bc39\" data-element_type=\"widget\" data-widget_type=\"image.default\">\n\t\t\t\t<div class=\"elementor-widget-container\">\n\t\t\t<style>\/*! elementor - v3.22.0 - 17-06-2024 *\/\n.elementor-widget-image{text-align:center}.elementor-widget-image a{display:inline-block}.elementor-widget-image a img[src$=\".svg\"]{width:48px}.elementor-widget-image img{vertical-align:middle;display:inline-block}<\/style>\t\t\t\t\t\t\t\t\t\t<img fetchpriority=\"high\" decoding=\"async\" width=\"1024\" height=\"683\" src=\"https:\/\/birstonolaivai.lt\/wp-content\/uploads\/2025\/07\/ChatGPT-Image-Jun-22-2025-06_10_52-PM-1024x683.png\" class=\"attachment-large size-large wp-image-1451\" alt=\"\" srcset=\"https:\/\/birstonolaivai.lt\/wp-content\/uploads\/2025\/07\/ChatGPT-Image-Jun-22-2025-06_10_52-PM-1024x683.png 1024w, https:\/\/birstonolaivai.lt\/wp-content\/uploads\/2025\/07\/ChatGPT-Image-Jun-22-2025-06_10_52-PM-300x200.png 300w, https:\/\/birstonolaivai.lt\/wp-content\/uploads\/2025\/07\/ChatGPT-Image-Jun-22-2025-06_10_52-PM-768x512.png 768w, https:\/\/birstonolaivai.lt\/wp-content\/uploads\/2025\/07\/ChatGPT-Image-Jun-22-2025-06_10_52-PM.png 1536w\" sizes=\"(max-width: 1024px) 100vw, 1024px\" \/>\t\t\t\t\t\t\t\t\t\t\t\t\t<\/div>\n\t\t\t\t<\/div>\n\t\t\t\t<div class=\"elementor-element elementor-element-57b3a72 elementor-align-center elementor-widget elementor-widget-button\" data-id=\"57b3a72\" data-element_type=\"widget\" data-widget_type=\"button.default\">\n\t\t\t\t<div class=\"elementor-widget-container\">\n\t\t\t\t\t<div class=\"elementor-button-wrapper\">\n\t\t\t<a class=\"elementor-button elementor-button-link elementor-size-sm\" href=\"\/index.php\/barza\/\">\n\t\t\t\t\t\t<span class=\"elementor-button-content-wrapper\">\n\t\t\t\t\t\t<span class=\"elementor-button-icon\">\n\t\t\t\t<svg aria-hidden=\"true\" class=\"e-font-icon-svg e-fas-long-arrow-alt-right\" viewBox=\"0 0 448 512\" xmlns=\"http:\/\/www.w3.org\/2000\/svg\"><path d=\"M313.941 216H12c-6.627 0-12 5.373-12 12v56c0 6.627 5.373 12 12 12h301.941v46.059c0 21.382 25.851 32.09 40.971 16.971l86.059-86.059c9.373-9.373 9.373-24.569 0-33.941l-86.059-86.059c-15.119-15.119-40.971-4.411-40.971 16.971V216z\"><\/path><\/svg>\t\t\t<\/span>\n\t\t\t\t\t\t\t\t\t<span class=\"elementor-button-text\">Galerija<\/span>\n\t\t\t\t\t<\/span>\n\t\t\t\t\t<\/a>\n\t\t<\/div>\n\t\t\t\t<\/div>\n\t\t\t\t<\/div>\n\t\t\t\t<\/div>\n\t\t<div class=\"elementor-element elementor-element-80afafb e-con-full e-flex e-con e-child\" data-id=\"80afafb\" data-element_type=\"container\">\n\t\t\t\t<div class=\"elementor-element elementor-element-ad99858 elementor-widget elementor-widget-heading\" data-id=\"ad99858\" data-element_type=\"widget\" data-widget_type=\"heading.default\">\n\t\t\t\t<div class=\"elementor-widget-container\">\n\t\t\t<h3 class=\"elementor-heading-title elementor-size-default\">Laivas \"Liudvikas\"<\/h3>\t\t<\/div>\n\t\t\t\t<\/div>\n\t\t\t\t<div class=\"elementor-element elementor-element-99920d6 elementor-widget elementor-widget-text-editor\" data-id=\"99920d6\" data-element_type=\"widget\" data-widget_type=\"text-editor.default\">\n\t\t\t\t<div class=\"elementor-widget-container\">\n\t\t\t\t\t\t\t<p data-start=\"208\" data-end=\"282\">\ud83c\udf0a <strong data-start=\"211\" data-end=\"243\">Autenti\u0161kas medinis korpusas<\/strong> \u2013 1930 m. stiliaus senovin\u0117 estetika<br \/>\ud83c\udf9e <strong data-start=\"288\" data-end=\"313\">Antikvarinis dizainas<\/strong> \u2013 puikiai tinka fotosesijoms, romanti\u0161koms i\u0161vykoms ar net kino atmosferai<br \/>\ud83d\udc65 <strong data-start=\"396\" data-end=\"426\">Idealiai tinka 2\u201310 \u017emoni\u0173<\/strong> \u2013 jaukios ir priva\u010dios patirtys ma\u017eoms grup\u0117ms<br \/>\ud83d\udd07 <strong data-start=\"481\" data-end=\"509\">Tylus ir ramus plaukimas<\/strong> \u2013 m\u0117gaukit\u0117s gamta, pokalbiais ar tyla<br \/>\ud83d\udc91 <strong data-start=\"556\" data-end=\"578\">Romanti\u0161ki vakarai<\/strong> \u2013 ypa\u010d tinkamas poroms, ypa\u010d saul\u0117lyd\u017eio metu<br \/>\ud83c\udf33 <strong data-start=\"632\" data-end=\"654\">Privatus mar\u0161rutas<\/strong> \u2013 tik j\u016bs, Nemunas ir aplink tylintys mi\u0161kai<br \/>\ud83d\uddfa\ufe0f <strong data-start=\"708\" data-end=\"739\">Gido paslauga pagal poreik\u012f<\/strong> \u2013 su\u017einokite \u012fdomybi\u0173 apie Bir\u0161tono kra\u0161t\u0105<\/p>\t\t\t\t\t\t<\/div>\n\t\t\t\t<\/div>\n\t\t\t\t<div class=\"elementor-element elementor-element-1c5935a elementor-widget elementor-widget-image\" data-id=\"1c5935a\" data-element_type=\"widget\" data-widget_type=\"image.default\">\n\t\t\t\t<div class=\"elementor-widget-container\">\n\t\t\t\t\t\t\t\t\t\t\t\t\t<img decoding=\"async\" width=\"1024\" height=\"666\" src=\"https:\/\/birstonolaivai.lt\/wp-content\/uploads\/2025\/07\/birstonas-1-of-1-56-1024x666.jpg\" class=\"attachment-large size-large wp-image-1467\" alt=\"\" srcset=\"https:\/\/birstonolaivai.lt\/wp-content\/uploads\/2025\/07\/birstonas-1-of-1-56-1024x666.jpg 1024w, https:\/\/birstonolaivai.lt\/wp-content\/uploads\/2025\/07\/birstonas-1-of-1-56-300x195.jpg 300w, https:\/\/birstonolaivai.lt\/wp-content\/uploads\/2025\/07\/birstonas-1-of-1-56-768x500.jpg 768w, https:\/\/birstonolaivai.lt\/wp-content\/uploads\/2025\/07\/birstonas-1-of-1-56-1536x999.jpg 1536w, https:\/\/birstonolaivai.lt\/wp-content\/uploads\/2025\/07\/birstonas-1-of-1-56-2048x1332.jpg 2048w\" sizes=\"(max-width: 1024px) 100vw, 1024px\" \/>\t\t\t\t\t\t\t\t\t\t\t\t\t<\/div>\n\t\t\t\t<\/div>\n\t\t\t\t<div class=\"elementor-element elementor-element-dd7988d elementor-align-center elementor-widget elementor-widget-button\" data-id=\"dd7988d\" data-element_type=\"widget\" data-widget_type=\"button.default\">\n\t\t\t\t<div class=\"elementor-widget-container\">\n\t\t\t\t\t<div class=\"elementor-button-wrapper\">\n\t\t\t<a class=\"elementor-button elementor-button-link elementor-size-sm\" href=\"\/index.php\/liudvikas\/\">\n\t\t\t\t\t\t<span class=\"elementor-button-content-wrapper\">\n\t\t\t\t\t\t<span class=\"elementor-button-icon\">\n\t\t\t\t<svg aria-hidden=\"true\" class=\"e-font-icon-svg e-fas-long-arrow-alt-right\" viewBox=\"0 0 448 512\" xmlns=\"http:\/\/www.w3.org\/2000\/svg\"><path d=\"M313.941 216H12c-6.627 0-12 5.373-12 12v56c0 6.627 5.373 12 12 12h301.941v46.059c0 21.382 25.851 32.09 40.971 16.971l86.059-86.059c9.373-9.373 9.373-24.569 0-33.941l-86.059-86.059c-15.119-15.119-40.971-4.411-40.971 16.971V216z\"><\/path><\/svg>\t\t\t<\/span>\n\t\t\t\t\t\t\t\t\t<span class=\"elementor-button-text\">Galerija<\/span>\n\t\t\t\t\t<\/span>\n\t\t\t\t\t<\/a>\n\t\t<\/div>\n\t\t\t\t<\/div>\n\t\t\t\t<\/div>\n\t\t\t\t<\/div>\n\t\t<div class=\"elementor-element elementor-element-05c9613 e-con-full e-flex e-con e-child\" data-id=\"05c9613\" data-element_type=\"container\">\n\t\t\t\t<div class=\"elementor-element elementor-element-aeee970 elementor-widget elementor-widget-heading\" data-id=\"aeee970\" data-element_type=\"widget\" data-widget_type=\"heading.default\">\n\t\t\t\t<div class=\"elementor-widget-container\">\n\t\t\t<h3 class=\"elementor-heading-title elementor-size-default\">Laivas \"Divina\"<\/h3>\t\t<\/div>\n\t\t\t\t<\/div>\n\t\t\t\t<div class=\"elementor-element elementor-element-b0b5abe elementor-widget elementor-widget-text-editor\" data-id=\"b0b5abe\" data-element_type=\"widget\" data-widget_type=\"text-editor.default\">\n\t\t\t\t<div class=\"elementor-widget-container\">\n\t\t\t\t\t\t\t<p>\ud83d\udca8 <strong data-start=\"252\" data-end=\"282\">Greitaeigis ir manevringas<\/strong> \u2013 idealiai tinka m\u0117gstantiems dinamik\u0105<br \/>\ud83d\udecb\ufe0f <strong data-start=\"330\" data-end=\"363\">Patogus ir stilingas dizainas<\/strong> \u2013 komfortas derinamas su \u012fsp\u016bd\u017eiais<br \/>\ud83d\udc65 <strong data-start=\"407\" data-end=\"425\">Ma\u017eoms grup\u0117ms<\/strong> \u2013 patogiausia 2\u20134 asmenims<br \/>\ud83d\udcf8 <strong data-start=\"460\" data-end=\"496\">Puikus pasirinkimas fotosesijoms<\/strong> ar trumpiems pasiplaukiojimams<br \/>\ud83c\udf0a <strong data-start=\"535\" data-end=\"556\">Asmenin\u0117 patirtis<\/strong> \u2013 privatus pasiplaukiojimas tik j\u016bs\u0173 kompanijai<\/p>\t\t\t\t\t\t<\/div>\n\t\t\t\t<\/div>\n\t\t\t\t<div class=\"elementor-element elementor-element-2a80435 elementor-widget elementor-widget-image\" data-id=\"2a80435\" data-element_type=\"widget\" data-widget_type=\"image.default\">\n\t\t\t\t<div class=\"elementor-widget-container\">\n\t\t\t\t\t\t\t\t\t\t\t\t\t<img decoding=\"async\" width=\"1024\" height=\"683\" src=\"https:\/\/birstonolaivai.lt\/wp-content\/uploads\/2025\/07\/Foto-45-1024x683.jpg\" class=\"attachment-large size-large wp-image-1468\" alt=\"\" srcset=\"https:\/\/birstonolaivai.lt\/wp-content\/uploads\/2025\/07\/Foto-45-1024x683.jpg 1024w, https:\/\/birstonolaivai.lt\/wp-content\/uploads\/2025\/07\/Foto-45-300x200.jpg 300w, https:\/\/birstonolaivai.lt\/wp-content\/uploads\/2025\/07\/Foto-45-768x512.jpg 768w, https:\/\/birstonolaivai.lt\/wp-content\/uploads\/2025\/07\/Foto-45-1536x1024.jpg 1536w, https:\/\/birstonolaivai.lt\/wp-content\/uploads\/2025\/07\/Foto-45-2048x1365.jpg 2048w\" sizes=\"(max-width: 1024px) 100vw, 1024px\" \/>\t\t\t\t\t\t\t\t\t\t\t\t\t<\/div>\n\t\t\t\t<\/div>\n\t\t\t\t<div class=\"elementor-element elementor-element-07ce37e elementor-align-center elementor-widget elementor-widget-button\" data-id=\"07ce37e\" data-element_type=\"widget\" data-widget_type=\"button.default\">\n\t\t\t\t<div class=\"elementor-widget-container\">\n\t\t\t\t\t<div class=\"elementor-button-wrapper\">\n\t\t\t<a class=\"elementor-button elementor-button-link elementor-size-sm\" href=\"\/index.php\/divina\/\">\n\t\t\t\t\t\t<span class=\"elementor-button-content-wrapper\">\n\t\t\t\t\t\t<span class=\"elementor-button-icon\">\n\t\t\t\t<svg aria-hidden=\"true\" class=\"e-font-icon-svg e-fas-long-arrow-alt-right\" viewBox=\"0 0 448 512\" xmlns=\"http:\/\/www.w3.org\/2000\/svg\"><path d=\"M313.941 216H12c-6.627 0-12 5.373-12 12v56c0 6.627 5.373 12 12 12h301.941v46.059c0 21.382 25.851 32.09 40.971 16.971l86.059-86.059c9.373-9.373 9.373-24.569 0-33.941l-86.059-86.059c-15.119-15.119-40.971-4.411-40.971 16.971V216z\"><\/path><\/svg>\t\t\t<\/span>\n\t\t\t\t\t\t\t\t\t<span class=\"elementor-button-text\">Galerija<\/span>\n\t\t\t\t\t<\/span>\n\t\t\t\t\t<\/a>\n\t\t<\/div>\n\t\t\t\t<\/div>\n\t\t\t\t<\/div>\n\t\t\t\t<\/div>\n\t\t\t\t<\/div>\n\t\t\t\t<\/div>\n\t\t\t\t\t<\/div>\n\t\t\t\t<\/div>\n\t\t\t\t<\/div>\n\t\t","protected":false},"excerpt":{"rendered":"<p>Laiv\u0173 nuoma Pas Raudonbarzd\u012f Registracija M\u016bs\u0173 laivai Laivas &#8220;Bar\u017ea&#8221; \ud83e\ude91 Erdvus denis \u2013 talpina iki 30 \u017emoni\u0173\ud83c\udf24 Stogas nuo saul\u0117s \u2013 jauku bet kokiu oru\ud83e\udea2 Pakabinami kr\u0117slai \u2013 vaizdas \u012f Nemun\u0105\ud83d\udd25 Grilis \u2013 gaminkit\u0117s maist\u0105 patys\ud83e\uddca \u0160aldytuvas \u2013 kad g\u0117rimai b\u016bt\u0173 \u0161alti\ud83c\udfb5 Muzika ir \u0161viesos \u2013 vakar\u0117lio atmosfera\ud83d\udca8 D\u016bm\u0173 ma\u0161ina \u2013 efektui ir nuotaikai\ud83c\udfa3 \u017dvejybin\u0117 [&hellip;]<\/p>\n","protected":false},"author":1,"featured_media":0,"parent":0,"menu_order":0,"comment_status":"closed","ping_status":"closed","template":"","meta":{"site-sidebar-layout":"no-sidebar","site-content-layout":"page-builder","ast-site-content-layout":"full-width-container","site-content-style":"unboxed","site-sidebar-style":"unboxed","ast-global-header-display":"","ast-banner-title-visibility":"","ast-main-header-display":"","ast-hfb-above-header-display":"","ast-hfb-below-header-display":"","ast-hfb-mobile-header-display":"","site-post-title":"disabled","ast-breadcrumbs-content":"","ast-featured-img":"disabled","footer-sml-layout":"","theme-transparent-header-meta":"enabled","adv-header-id-meta":"","stick-header-meta":"","header-above-stick-meta":"","header-main-stick-meta":"","header-below-stick-meta":"","astra-migrate-meta-layouts":"set","ast-page-background-enabled":"default","ast-page-background-meta":{"desktop":{"background-color":"","background-image":"","background-repeat":"repeat","background-position":"center center","background-size":"auto","background-attachment":"scroll","background-type":"","background-media":"","overlay-type":"","overlay-color":"","overlay-opacity":"","overlay-gradient":""},"tablet":{"background-color":"","background-image":"","background-repeat":"repeat","background-position":"center center","background-size":"auto","background-attachment":"scroll","background-type":"","background-media":"","overlay-type":"","overlay-color":"","overlay-opacity":"","overlay-gradient":""},"mobile":{"background-color":"","background-image":"","background-repeat":"repeat","background-position":"center center","background-size":"auto","background-attachment":"scroll","background-type":"","background-media":"","overlay-type":"","overlay-color":"","overlay-opacity":"","overlay-gradient":""}},"ast-content-background-meta":{"desktop":{"background-color":"var(--ast-global-color-5)","background-image":"","background-repeat":"repeat","background-position":"center center","background-size":"auto","background-attachment":"scroll","background-type":"","background-media":"","overlay-type":"","overlay-color":"","overlay-opacity":"","overlay-gradient":""},"tablet":{"background-color":"var(--ast-global-color-5)","background-image":"","background-repeat":"repeat","background-position":"center center","background-size":"auto","background-attachment":"scroll","background-type":"","background-media":"","overlay-type":"","overlay-color":"","overlay-opacity":"","overlay-gradient":""},"mobile":{"background-color":"var(--ast-global-color-5)","background-image":"","background-repeat":"repeat","background-position":"center center","background-size":"auto","background-attachment":"scroll","background-type":"","background-media":"","overlay-type":"","overlay-color":"","overlay-opacity":"","overlay-gradient":""}},"footnotes":""},"_links":{"self":[{"href":"https:\/\/birstonolaivai.lt\/index.php\/wp-json\/wp\/v2\/pages\/540"}],"collection":[{"href":"https:\/\/birstonolaivai.lt\/index.php\/wp-json\/wp\/v2\/pages"}],"about":[{"href":"https:\/\/birstonolaivai.lt\/index.php\/wp-json\/wp\/v2\/types\/page"}],"author":[{"embeddable":true,"href":"https:\/\/birstonolaivai.lt\/index.php\/wp-json\/wp\/v2\/users\/1"}],"replies":[{"embeddable":true,"href":"https:\/\/birstonolaivai.lt\/index.php\/wp-json\/wp\/v2\/comments?post=540"}],"version-history":[{"count":105,"href":"https:\/\/birstonolaivai.lt\/index.php\/wp-json\/wp\/v2\/pages\/540\/revisions"}],"predecessor-version":[{"id":1609,"href":"https:\/\/birstonolaivai.lt\/index.php\/wp-json\/wp\/v2\/pages\/540\/revisions\/1609"}],"wp:attachment":[{"href":"https:\/\/birstonolaivai.lt\/index.php\/wp-json\/wp\/v2\/media?parent=540"}],"curies":[{"name":"wp","href":"https:\/\/api.w.org\/{rel}","templated":true}]}}